{"id":972,"date":"2026-02-21T10:43:00","date_gmt":"2026-02-21T09:43:00","guid":{"rendered":"https:\/\/pause-papillon-sophrologie.fr\/?post_type=product&#038;p=972"},"modified":"2026-02-21T13:22:28","modified_gmt":"2026-02-21T12:22:28","slug":"parfum-de-soin-emeraude-oxygene","status":"publish","type":"product","link":"https:\/\/pause-papillon-sophrologie.fr\/index.php\/produit\/parfum-de-soin-emeraude-oxygene\/","title":{"rendered":"Parfum de soin &#8211; \u00c9meraude \u00ab\u00a0Oxyg\u00e8ne\u00a0\u00bb"},"content":{"rendered":"<p data-start=\"1305\" data-end=\"1564\"><strong>Le Parfum de Soin Emeraude \u00ab\u00a0Oxyg\u00e8ne <\/strong>me permet de retrouver mon souffle, de me ressourcer, me r\u00e9g\u00e9n\u00e9rer. Les ar\u00f4mes de Pin et de Citron sont combin\u00e9s \u00e0 des tons bois\u00e9s dans un m\u00e9lange qui lib\u00e8re les \u00e9nergies bloqu\u00e9es et permet de respirer \u00e0 nouveau.<\/p>\n<p data-start=\"2129\" data-end=\"2160\">A utiliser en vaporisation pour renforcer la d\u00e9tente au quotidien.<\/p>\n<h6><span class=\"a_GcMg font-feature-liga-off font-feature-clig-off font-feature-calt-off text-decoration-none text-strikethrough-none\">Si vous rencontrez des probl\u00e8mes r\u00e9currents (insomnies, stress, angoisses, douleurs, maladies chroniques\u2026) il est fortement conseill\u00e9 de consulter votre m\u00e9decin, prendre votre traitement et de rencontrer pour commencer un(e) sophrologue \u00e0 son cabinet.<\/span><\/h6>\n<h6><span class=\"a_GcMg font-feature-liga-off font-feature-clig-off font-feature-calt-off text-decoration-none text-strikethrough-none\">Les huiles essentielles propos\u00e9es, accessibles, s\u00e9curitaires en diffusion ou olfaction, soutiennent directement l\u2019effet mais ne remplace pas un suivi m\u00e9dical. Il faut v\u00e9rifier vos possibles contre-indications. Leur usage est<\/span> <span class=\"a_GcMg font-feature-liga-off font-feature-clig-off font-feature-calt-off text-decoration-none text-strikethrough-none\">r\u00e9serv\u00e9 \u00e0 l\u2019adulte et enfant de plus de 6 ans, ne pas appliquer pure sur la peau sans avis, d\u00e9conseill\u00e9 aux femmes enceintes et allaitantes.<\/span><\/h6>\n","protected":false},"excerpt":{"rendered":"<p><strong>Le Parfum de Soin Emeraude \u00ab\u00a0Oxyg\u00e8ne <\/strong>me permet de retrouver mon souffle, de me ressourcer, me r\u00e9g\u00e9n\u00e9rer.<\/p>\n<p>A utiliser en vaporisation pour renforcer la d\u00e9tente au quotidien.<\/p>\n","protected":false},"featured_media":976,"template":"","meta":[],"product_brand":[],"product_cat":[19],"product_tag":[],"class_list":{"0":"post-972","1":"product","2":"type-product","3":"status-publish","4":"has-post-thumbnail","6":"product_cat-produits","8":"first","9":"instock","10":"shipping-taxable","11":"purchasable","12":"product-type-variable","13":"has-default-attributes"},"jetpack_sharing_enabled":true,"_links":{"self":[{"href":"https:\/\/pause-papillon-sophrologie.fr\/index.php\/wp-json\/wp\/v2\/product\/972","targetHints":{"allow":["GET"]}}],"collection":[{"href":"https:\/\/pause-papillon-sophrologie.fr\/index.php\/wp-json\/wp\/v2\/product"}],"about":[{"href":"https:\/\/pause-papillon-sophrologie.fr\/index.php\/wp-json\/wp\/v2\/types\/product"}],"wp:featuredmedia":[{"embeddable":true,"href":"https:\/\/pause-papillon-sophrologie.fr\/index.php\/wp-json\/wp\/v2\/media\/976"}],"wp:attachment":[{"href":"https:\/\/pause-papillon-sophrologie.fr\/index.php\/wp-json\/wp\/v2\/media?parent=972"}],"wp:term":[{"taxonomy":"product_brand","embeddable":true,"href":"https:\/\/pause-papillon-sophrologie.fr\/index.php\/wp-json\/wp\/v2\/product_brand?post=972"},{"taxonomy":"product_cat","embeddable":true,"href":"https:\/\/pause-papillon-sophrologie.fr\/index.php\/wp-json\/wp\/v2\/product_cat?post=972"},{"taxonomy":"product_tag","embeddable":true,"href":"https:\/\/pause-papillon-sophrologie.fr\/index.php\/wp-json\/wp\/v2\/product_tag?post=972"}],"curies":[{"name":"wp","href":"https:\/\/api.w.org\/{rel}","templated":true}]}}