{"id":953,"date":"2026-02-20T12:39:03","date_gmt":"2026-02-20T11:39:03","guid":{"rendered":"https:\/\/pause-papillon-sophrologie.fr\/?post_type=product&#038;p=953"},"modified":"2026-02-20T12:43:52","modified_gmt":"2026-02-20T11:43:52","slug":"bao-le-petit-nuage-tess-la-tristesse-et-jojo-la-joie","status":"publish","type":"product","link":"https:\/\/pause-papillon-sophrologie.fr\/index.php\/produit\/bao-le-petit-nuage-tess-la-tristesse-et-jojo-la-joie\/","title":{"rendered":"Bao le petit nuage, Tess la tristesse et Jojo la joie"},"content":{"rendered":"<p>J\u2019ai imagin\u00e9 ces livres pour faire d\u00e9couvrir aux tout-petits, d\u00e8s leur plus jeune \u00e2ge, les bienfaits de la sophrologie \u00e0 travers les \u00e9motions gr\u00e2ce \u00e0 des outils simples: respiration, imagination, mouvement.<br \/>\nLa sophrologie, adapt\u00e9e aux tout petit, devient un jeu d\u2019\u00e9veil \u00e9motionnel o\u00f9 l\u2019enfant apprend \u00e0 se relier \u00e0 son corps et \u00e0 son monde int\u00e9rieur, toujours dans la douceur et le plaisir.<br \/>\nUne histoire \u00e0 lire pendant un moment calme, sans pr\u00e9cipitation. Une invitation \u00e0 mimer les gestes ou respirations, sans jamais le forcer.<br \/>\nC\u2019est par la routine et la joie que na\u00eet la s\u00e9r\u00e9nit\u00e9.<\/p>\n","protected":false},"excerpt":{"rendered":"<p data-start=\"112\" data-end=\"384\">Dans ce deuxi\u00e8me volet des aventures de <span class=\"hover:entity-accent entity-underline inline cursor-pointer align-baseline\"><span class=\"whitespace-normal\">Bao le petit nuage<\/span><\/span>, Bao continue d\u2019explorer le pays du vent et les \u00e9motions du c\u0153ur.<br data-start=\"259\" data-end=\"262\" \/>Aux c\u00f4t\u00e9s de nouveaux amis, il apprend \u00e0 apprivoiser la peur, reconna\u00eetre la fiert\u00e9 et respirer pour retrouver le calme. Une histoire tendre et simple, pens\u00e9e pour les tout-petits, qui m\u00eale imagination, \u00e9motions et premiers pas vers la sophrologie.<\/p>\n","protected":false},"featured_media":955,"template":"","meta":[],"product_brand":[],"product_cat":[21],"product_tag":[],"class_list":{"0":"post-953","1":"product","2":"type-product","3":"status-publish","4":"has-post-thumbnail","6":"product_cat-livret","8":"first","9":"instock","10":"shipping-taxable","11":"purchasable","12":"product-type-simple"},"jetpack_sharing_enabled":true,"_links":{"self":[{"href":"https:\/\/pause-papillon-sophrologie.fr\/index.php\/wp-json\/wp\/v2\/product\/953","targetHints":{"allow":["GET"]}}],"collection":[{"href":"https:\/\/pause-papillon-sophrologie.fr\/index.php\/wp-json\/wp\/v2\/product"}],"about":[{"href":"https:\/\/pause-papillon-sophrologie.fr\/index.php\/wp-json\/wp\/v2\/types\/product"}],"wp:featuredmedia":[{"embeddable":true,"href":"https:\/\/pause-papillon-sophrologie.fr\/index.php\/wp-json\/wp\/v2\/media\/955"}],"wp:attachment":[{"href":"https:\/\/pause-papillon-sophrologie.fr\/index.php\/wp-json\/wp\/v2\/media?parent=953"}],"wp:term":[{"taxonomy":"product_brand","embeddable":true,"href":"https:\/\/pause-papillon-sophrologie.fr\/index.php\/wp-json\/wp\/v2\/product_brand?post=953"},{"taxonomy":"product_cat","embeddable":true,"href":"https:\/\/pause-papillon-sophrologie.fr\/index.php\/wp-json\/wp\/v2\/product_cat?post=953"},{"taxonomy":"product_tag","embeddable":true,"href":"https:\/\/pause-papillon-sophrologie.fr\/index.php\/wp-json\/wp\/v2\/product_tag?post=953"}],"curies":[{"name":"wp","href":"https:\/\/api.w.org\/{rel}","templated":true}]}}