{"id":923,"date":"2025-11-07T18:12:14","date_gmt":"2025-11-07T17:12:14","guid":{"rendered":"http:\/\/pause-papillon-sophrologie.fr\/?post_type=product&#038;p=923"},"modified":"2026-02-20T12:33:02","modified_gmt":"2026-02-20T11:33:02","slug":"coffrets-decouverte-equilibre-emotionnel","status":"publish","type":"product","link":"https:\/\/pause-papillon-sophrologie.fr\/index.php\/produit\/coffrets-decouverte-equilibre-emotionnel\/","title":{"rendered":"Coffrets D\u00e9couverte &#038; \u00c9quilibre \u00c9motionnel"},"content":{"rendered":"<p data-start=\"2326\" data-end=\"2559\"><strong>Le Coffret de 5 Parfums de Soin Alt\u00e9arah Bio (5 ml)<\/strong> offre une exp\u00e9rience sensorielle pour harmoniser vos \u00e9motions et votre \u00e9nergie.<br data-start=\"985\" data-end=\"988\" \/>Chaque parfum est formul\u00e9 \u00e0 partir d\u2019huiles essentielles 100 % naturelles, soigneusement associ\u00e9es \u00e0 une couleur et une intention.<\/p>\n<p data-start=\"2326\" data-end=\"2559\">Vous trouverez dans ce coffret les couleurs : Blanc, Orange, Turquoise, Pourpre, \u00c9meraude.<\/p>\n<p data-start=\"2326\" data-end=\"2559\"><strong data-start=\"2329\" data-end=\"2375\">Le Coffret de 14 Parfums de Soin Alt\u00e9arah Bio (5 ml)<\/strong> est une v\u00e9ritable palette d\u2019\u00e9quilibre \u00e9motionnel. Chaque couleur, chaque parfum, invite \u00e0 un voyage sensoriel unique : apaisement, vitalit\u00e9, confiance, l\u00e2cher-prise, amour de soi\u2026<\/p>\n<p data-start=\"2561\" data-end=\"2703\">Vous trouverez dans ce coffret les couleurs : Argent, Or, Blanc, Rose, Rouge, Orange, Jaune, Vert, Turquoise, Bleu, Indigo, Violet, Pourpre, Emeraude.<\/p>\n<p data-start=\"2730\" data-end=\"2799\">Vous choisissez la couleur selon votre humeur ou votre besoin du moment, vous vaporisez, respirez, et vous vous laissez guider par votre ressenti.<\/p>\n<blockquote data-start=\"2965\" data-end=\"3057\">\n<p style=\"text-align: center;\" data-start=\"2967\" data-end=\"3057\"><em data-start=\"2970\" data-end=\"3055\">Chaque couleur est une \u00e9motion, chaque parfum une \u00e9tape vers l\u2019\u00e9quilibre int\u00e9rieur.<\/em><\/p>\n<\/blockquote>\n<h6><span class=\"a_GcMg font-feature-liga-off font-feature-clig-off font-feature-calt-off text-decoration-none text-strikethrough-none\">Si vous rencontrez des probl\u00e8mes r\u00e9currents (insomnies, stress, angoisses, douleurs, maladies chroniques\u2026) il est fortement conseill\u00e9 de consulter votre m\u00e9decin, prendre votre traitement et de rencontrer pour commencer un(e) sophrologue \u00e0 son cabinet.<\/span><\/h6>\n<h6><span class=\"a_GcMg font-feature-liga-off font-feature-clig-off font-feature-calt-off text-decoration-none text-strikethrough-none\">Les huiles essentielles propos\u00e9es, accessibles, s\u00e9curitaires en diffusion ou olfaction, soutiennent directement l\u2019effet mais ne remplace pas un suivi m\u00e9dical. Il faut v\u00e9rifier vos possibles contre-indications. Leur usage est<\/span> <span class=\"a_GcMg font-feature-liga-off font-feature-clig-off font-feature-calt-off text-decoration-none text-strikethrough-none\">r\u00e9serv\u00e9 \u00e0 l\u2019adulte et enfant de plus de 6 ans, ne pas appliquer pure sur la peau sans avis, d\u00e9conseill\u00e9 aux femmes enceintes et allaitantes.<\/span><\/h6>\n","protected":false},"excerpt":{"rendered":"<p data-start=\"759\" data-end=\"985\">Offrez-vous un voyage sensoriel au c\u0153ur des \u00e9motions.<\/p>\n<p data-start=\"759\" data-end=\"985\">Je vous propose le coffret de 5 parfums de soin &#8211; Alt\u00e9arah Bio (5 ml) pour voyager au c\u0153ur de vos \u00e9motions ou le coffret de 14 Parfums de Soin \u2013 Alt\u00e9arah Bio (5 ml).<\/p>\n<p data-start=\"1995\" data-end=\"2041\">\n","protected":false},"featured_media":925,"template":"","meta":[],"product_brand":[],"product_cat":[19],"product_tag":[],"class_list":{"0":"post-923","1":"product","2":"type-product","3":"status-publish","4":"has-post-thumbnail","6":"product_cat-produits","8":"first","9":"instock","10":"shipping-taxable","11":"purchasable","12":"product-type-variable","13":"has-default-attributes"},"jetpack_sharing_enabled":true,"_links":{"self":[{"href":"https:\/\/pause-papillon-sophrologie.fr\/index.php\/wp-json\/wp\/v2\/product\/923","targetHints":{"allow":["GET"]}}],"collection":[{"href":"https:\/\/pause-papillon-sophrologie.fr\/index.php\/wp-json\/wp\/v2\/product"}],"about":[{"href":"https:\/\/pause-papillon-sophrologie.fr\/index.php\/wp-json\/wp\/v2\/types\/product"}],"wp:featuredmedia":[{"embeddable":true,"href":"https:\/\/pause-papillon-sophrologie.fr\/index.php\/wp-json\/wp\/v2\/media\/925"}],"wp:attachment":[{"href":"https:\/\/pause-papillon-sophrologie.fr\/index.php\/wp-json\/wp\/v2\/media?parent=923"}],"wp:term":[{"taxonomy":"product_brand","embeddable":true,"href":"https:\/\/pause-papillon-sophrologie.fr\/index.php\/wp-json\/wp\/v2\/product_brand?post=923"},{"taxonomy":"product_cat","embeddable":true,"href":"https:\/\/pause-papillon-sophrologie.fr\/index.php\/wp-json\/wp\/v2\/product_cat?post=923"},{"taxonomy":"product_tag","embeddable":true,"href":"https:\/\/pause-papillon-sophrologie.fr\/index.php\/wp-json\/wp\/v2\/product_tag?post=923"}],"curies":[{"name":"wp","href":"https:\/\/api.w.org\/{rel}","templated":true}]}}