{"id":904,"date":"2025-10-21T18:11:35","date_gmt":"2025-10-21T16:11:35","guid":{"rendered":"https:\/\/pause-papillon-sophrologie.fr\/?post_type=product&#038;p=904"},"modified":"2025-11-07T18:35:44","modified_gmt":"2025-11-07T17:35:44","slug":"concentre-de-soin-turquoise-serenite","status":"publish","type":"product","link":"https:\/\/pause-papillon-sophrologie.fr\/index.php\/produit\/concentre-de-soin-turquoise-serenite\/","title":{"rendered":"Concentr\u00e9 de Soin Turquoise &#8211; S\u00e9r\u00e9nit\u00e9"},"content":{"rendered":"<p data-start=\"1305\" data-end=\"1564\">Le <strong data-start=\"1308\" data-end=\"1345\">Concentr\u00e9 de Soin Turquoise Alt\u00e9arah<\/strong> est une invitation \u00e0 retrouver le calme int\u00e9rieur et la clart\u00e9 \u00e9motionnelle. Sa couleur Turquoise est un symbole de paix, de s\u00e9r\u00e9nit\u00e9, elle soutient la d\u00e9tente du mental et le retour \u00e0 soi.<\/p>\n<p data-start=\"2129\" data-end=\"2160\">A utiliser en application sur le haut de la poitrine ou le haut du dos ou en olfaction pour renforcer la d\u00e9tente au quotidien.<\/p>\n<h6><span class=\"a_GcMg font-feature-liga-off font-feature-clig-off font-feature-calt-off text-decoration-none text-strikethrough-none\">Si vous rencontrez des probl\u00e8mes r\u00e9currents (insomnies, stress, angoisses, douleurs, maladies chroniques\u2026) il est fortement conseill\u00e9 de consulter votre m\u00e9decin, prendre votre traitement et de rencontrer pour commencer un(e) sophrologue \u00e0 son cabinet.<\/span><\/h6>\n<h6><span class=\"a_GcMg font-feature-liga-off font-feature-clig-off font-feature-calt-off text-decoration-none text-strikethrough-none\">Les huiles essentielles propos\u00e9es, accessibles, s\u00e9curitaires en diffusion ou olfaction, soutiennent directement l\u2019effet mais ne remplace pas un suivi m\u00e9dical. Il faut v\u00e9rifier vos possibles contre-indications. Leur usage est<\/span> <span class=\"a_GcMg font-feature-liga-off font-feature-clig-off font-feature-calt-off text-decoration-none text-strikethrough-none\">r\u00e9serv\u00e9 \u00e0 l\u2019adulte et enfant de plus de 6 ans, ne pas appliquer pure sur la peau sans avis, d\u00e9conseill\u00e9 aux femmes enceintes et allaitantes.<\/span><\/h6>\n<h6><span class=\"a_GcMg font-feature-liga-off font-feature-clig-off font-feature-calt-off text-decoration-none text-strikethrough-none\">Les s\u00e9ances audios sont une exp\u00e9rience de d\u00e9tente et de bien-\u00eatre, non un traitement.<\/span><\/h6>\n","protected":false},"excerpt":{"rendered":"<p data-start=\"759\" data-end=\"985\">Retrouvez le calme avec le <strong data-start=\"801\" data-end=\"838\">Concentr\u00e9 de Soin Turquoise Alt\u00e9arah<\/strong>, symbole de s\u00e9r\u00e9nit\u00e9, de paix et de l\u00e2cher-prise.<br data-start=\"813\" data-end=\"816\" \/>A utiliser en application sur le haut de la poitrine ou le haut du dos ou en olfaction pour renforcer la d\u00e9tente au quotidien.<\/p>\n","protected":false},"featured_media":907,"template":"","meta":[],"product_brand":[],"product_cat":[19],"product_tag":[],"class_list":{"0":"post-904","1":"product","2":"type-product","3":"status-publish","4":"has-post-thumbnail","6":"product_cat-produits","8":"first","9":"instock","10":"shipping-taxable","11":"purchasable","12":"product-type-simple"},"jetpack_sharing_enabled":true,"_links":{"self":[{"href":"https:\/\/pause-papillon-sophrologie.fr\/index.php\/wp-json\/wp\/v2\/product\/904","targetHints":{"allow":["GET"]}}],"collection":[{"href":"https:\/\/pause-papillon-sophrologie.fr\/index.php\/wp-json\/wp\/v2\/product"}],"about":[{"href":"https:\/\/pause-papillon-sophrologie.fr\/index.php\/wp-json\/wp\/v2\/types\/product"}],"wp:featuredmedia":[{"embeddable":true,"href":"https:\/\/pause-papillon-sophrologie.fr\/index.php\/wp-json\/wp\/v2\/media\/907"}],"wp:attachment":[{"href":"https:\/\/pause-papillon-sophrologie.fr\/index.php\/wp-json\/wp\/v2\/media?parent=904"}],"wp:term":[{"taxonomy":"product_brand","embeddable":true,"href":"https:\/\/pause-papillon-sophrologie.fr\/index.php\/wp-json\/wp\/v2\/product_brand?post=904"},{"taxonomy":"product_cat","embeddable":true,"href":"https:\/\/pause-papillon-sophrologie.fr\/index.php\/wp-json\/wp\/v2\/product_cat?post=904"},{"taxonomy":"product_tag","embeddable":true,"href":"https:\/\/pause-papillon-sophrologie.fr\/index.php\/wp-json\/wp\/v2\/product_tag?post=904"}],"curies":[{"name":"wp","href":"https:\/\/api.w.org\/{rel}","templated":true}]}}