{"id":896,"date":"2025-10-21T18:06:24","date_gmt":"2025-10-21T16:06:24","guid":{"rendered":"https:\/\/pause-papillon-sophrologie.fr\/?post_type=product&#038;p=896"},"modified":"2026-02-20T12:45:36","modified_gmt":"2026-02-20T11:45:36","slug":"le-voyage-de-bao-le-petit-nuage","status":"publish","type":"product","link":"https:\/\/pause-papillon-sophrologie.fr\/index.php\/produit\/le-voyage-de-bao-le-petit-nuage\/","title":{"rendered":"Le voyage de Bao, le petit nuage"},"content":{"rendered":"<p>J\u2019ai imagin\u00e9 ce livre pour faire d\u00e9couvrir aux tout-petits, d\u00e8s leur plus jeune \u00e2ge, les bienfaits de la sophrologie \u00e0 travers les \u00e9motions gr\u00e2ce \u00e0 des outils simples: respiration, imagination, mouvement.<br \/>\nLa sophrologie, adapt\u00e9e aux tout petit, devient un jeu d\u2019\u00e9veil \u00e9motionnel o\u00f9 l\u2019enfant apprend \u00e0 se relier \u00e0 son corps et \u00e0 son monde int\u00e9rieur, toujours dans la douceur et le plaisir.<br \/>\nUne histoire \u00e0 lire pendant un moment calme, sans pr\u00e9cipitation. Une invitation \u00e0 mimer les gestes ou respirations, sans jamais le forcer.<br \/>\nC\u2019est par la routine et la joie que na\u00eet la s\u00e9r\u00e9nit\u00e9.<\/p>\n","protected":false},"excerpt":{"rendered":"<p data-start=\"78\" data-end=\"379\">Avec <span class=\"hover:entity-accent entity-underline inline cursor-pointer align-baseline\"><span class=\"whitespace-normal\">Bao le petit nuage<\/span><\/span>, les enfants d\u00e9couvrent le pays du vent et les grandes \u00e9motions qui vivent en eux.<br data-start=\"242\" data-end=\"245\" \/>Au fil de ses rencontres et des paysages du ciel, Bao explore la joie, la peur, la col\u00e8re, la tristesse, la surprise et la s\u00e9r\u00e9nit\u00e9.<\/p>\n<p data-start=\"78\" data-end=\"379\">Une histoire douce et po\u00e9tique pour aider les tout-petits \u00e0 reconna\u00eetre leurs \u00e9motions et \u00e0 trouver le calme gr\u00e2ce \u00e0 la respiration et \u00e0 l\u2019imaginaire.<\/p>\n<p>&nbsp;<\/p>\n","protected":false},"featured_media":900,"template":"","meta":[],"product_brand":[],"product_cat":[21],"product_tag":[],"class_list":{"0":"post-896","1":"product","2":"type-product","3":"status-publish","4":"has-post-thumbnail","6":"product_cat-livret","8":"first","9":"instock","10":"shipping-taxable","11":"purchasable","12":"product-type-simple"},"jetpack_sharing_enabled":true,"_links":{"self":[{"href":"https:\/\/pause-papillon-sophrologie.fr\/index.php\/wp-json\/wp\/v2\/product\/896","targetHints":{"allow":["GET"]}}],"collection":[{"href":"https:\/\/pause-papillon-sophrologie.fr\/index.php\/wp-json\/wp\/v2\/product"}],"about":[{"href":"https:\/\/pause-papillon-sophrologie.fr\/index.php\/wp-json\/wp\/v2\/types\/product"}],"wp:featuredmedia":[{"embeddable":true,"href":"https:\/\/pause-papillon-sophrologie.fr\/index.php\/wp-json\/wp\/v2\/media\/900"}],"wp:attachment":[{"href":"https:\/\/pause-papillon-sophrologie.fr\/index.php\/wp-json\/wp\/v2\/media?parent=896"}],"wp:term":[{"taxonomy":"product_brand","embeddable":true,"href":"https:\/\/pause-papillon-sophrologie.fr\/index.php\/wp-json\/wp\/v2\/product_brand?post=896"},{"taxonomy":"product_cat","embeddable":true,"href":"https:\/\/pause-papillon-sophrologie.fr\/index.php\/wp-json\/wp\/v2\/product_cat?post=896"},{"taxonomy":"product_tag","embeddable":true,"href":"https:\/\/pause-papillon-sophrologie.fr\/index.php\/wp-json\/wp\/v2\/product_tag?post=896"}],"curies":[{"name":"wp","href":"https:\/\/api.w.org\/{rel}","templated":true}]}}