{"id":859,"date":"2025-10-14T16:46:44","date_gmt":"2025-10-14T14:46:44","guid":{"rendered":"http:\/\/pause-papillon-sophrologie.fr\/?post_type=product&#038;p=859"},"modified":"2025-11-07T19:00:13","modified_gmt":"2025-11-07T18:00:13","slug":"pochette-tissu-zippee","status":"publish","type":"product","link":"https:\/\/pause-papillon-sophrologie.fr\/index.php\/produit\/pochette-tissu-zippee\/","title":{"rendered":"Pochette Tissu Zipp\u00e9e"},"content":{"rendered":"<p data-start=\"875\" data-end=\"1144\">Alliez \u00e9l\u00e9gance et praticit\u00e9 avec cette <strong data-start=\"915\" data-end=\"950\">pochette en toile personnalis\u00e9e<\/strong>, con\u00e7ue pour accueillir vos produits Alt\u00e9arah, huiles essentielles ou petits rituels de soin.<br data-start=\"1044\" data-end=\"1047\" \/>L\u00e9g\u00e8re, elle vous accompagnera dans tous vos moments de bien-\u00eatre.<\/p>\n<p data-start=\"1146\" data-end=\"1326\"><strong data-start=\"1146\" data-end=\"1162\">Dimensions :<\/strong> 21 \u00d7 13 cm<br data-start=\"1173\" data-end=\"1176\" \/><strong data-start=\"1176\" data-end=\"1189\">Mati\u00e8re :<\/strong> toile naturelle zipp\u00e9e<br data-start=\"1212\" data-end=\"1215\" \/><strong data-start=\"1215\" data-end=\"1226\">Usage :<\/strong> id\u00e9ale pour transporter vos huiles, roll-ons, parfums de soin, ou vos packs audio en d\u00e9placement.<\/p>\n<p data-start=\"1328\" data-end=\"1474\"><strong data-start=\"1331\" data-end=\"1360\">Disponible au prix de 5 \u20ac<\/strong><br data-start=\"1360\" data-end=\"1363\" \/><strong data-start=\"1366\" data-end=\"1411\">Offerte d\u00e8s 100 \u20ac d\u2019achat sur la boutique<\/strong> \u2013 une douce attention pour vous remercier de votre fid\u00e9lit\u00e9&#8230;<\/p>\n","protected":false},"excerpt":{"rendered":"<p>Emportez vos produits de bien-\u00eatre partout avec vous.<br data-start=\"549\" data-end=\"552\" \/>Une jolie pochette en toile naturelle, pratique et \u00e9l\u00e9gante, pour ranger vos huiles, roll-ons ou parfums de soin.<\/p>\n","protected":false},"featured_media":860,"template":"","meta":[],"product_brand":[],"product_cat":[19],"product_tag":[],"class_list":{"0":"post-859","1":"product","2":"type-product","3":"status-publish","4":"has-post-thumbnail","6":"product_cat-produits","8":"first","9":"instock","10":"shipping-taxable","11":"purchasable","12":"product-type-simple"},"jetpack_sharing_enabled":true,"_links":{"self":[{"href":"https:\/\/pause-papillon-sophrologie.fr\/index.php\/wp-json\/wp\/v2\/product\/859","targetHints":{"allow":["GET"]}}],"collection":[{"href":"https:\/\/pause-papillon-sophrologie.fr\/index.php\/wp-json\/wp\/v2\/product"}],"about":[{"href":"https:\/\/pause-papillon-sophrologie.fr\/index.php\/wp-json\/wp\/v2\/types\/product"}],"wp:featuredmedia":[{"embeddable":true,"href":"https:\/\/pause-papillon-sophrologie.fr\/index.php\/wp-json\/wp\/v2\/media\/860"}],"wp:attachment":[{"href":"https:\/\/pause-papillon-sophrologie.fr\/index.php\/wp-json\/wp\/v2\/media?parent=859"}],"wp:term":[{"taxonomy":"product_brand","embeddable":true,"href":"https:\/\/pause-papillon-sophrologie.fr\/index.php\/wp-json\/wp\/v2\/product_brand?post=859"},{"taxonomy":"product_cat","embeddable":true,"href":"https:\/\/pause-papillon-sophrologie.fr\/index.php\/wp-json\/wp\/v2\/product_cat?post=859"},{"taxonomy":"product_tag","embeddable":true,"href":"https:\/\/pause-papillon-sophrologie.fr\/index.php\/wp-json\/wp\/v2\/product_tag?post=859"}],"curies":[{"name":"wp","href":"https:\/\/api.w.org\/{rel}","templated":true}]}}