{"id":850,"date":"2025-10-07T15:20:33","date_gmt":"2025-10-07T13:20:33","guid":{"rendered":"http:\/\/pause-papillon-sophrologie.fr\/?post_type=product&#038;p=850"},"modified":"2025-11-07T17:58:42","modified_gmt":"2025-11-07T16:58:42","slug":"pack-soulagement-et-detente-prenium","status":"publish","type":"product","link":"https:\/\/pause-papillon-sophrologie.fr\/index.php\/produit\/pack-soulagement-et-detente-prenium\/","title":{"rendered":"Pack Soulagement et d\u00e9tente Premium"},"content":{"rendered":"<p data-start=\"1101\" data-end=\"1396\">Ce pack \u00ab\u00a0<strong>Soulagement et d\u00e9tente<\/strong>\u00a0\u00bb regroupe 4 audios de sophrologie guid\u00e9s d&rsquo;une dur\u00e9e de 5 \u00e0 12 minutes. Il est une invitation \u00e0 rel\u00e2cher, apaiser et se r\u00e9g\u00e9n\u00e9rer.<br data-start=\"1168\" data-end=\"1171\" \/>Vous \u00eates sujet aux douleurs chroniques, \u00e0 la fatigue ou aux tensions accumul\u00e9es, je vous propose d&rsquo;associer la sophrologie guid\u00e9e \u00e0 la subtilit\u00e9 olfactive du concentr\u00e9 de soin Argent Alt\u00e9arah.<\/p>\n<p data-start=\"1398\" data-end=\"1529\">Pourquoi la couleur Argent &#8211; R\u00e9paration de chez Alt\u00e9arah ? Je propose la couleur Argent pour accompagner \u00e0 la lib\u00e9ration des tensions et favoriser une profonde d\u00e9tente int\u00e9rieure.<\/p>\n<h6><span class=\"a_GcMg font-feature-liga-off font-feature-clig-off font-feature-calt-off text-decoration-none text-strikethrough-none\">Si vous rencontrez des probl\u00e8mes r\u00e9currents (insomnies, stress, angoisses, douleurs, maladies chroniques\u2026) il est fortement conseill\u00e9 de consulter votre m\u00e9decin, prendre votre traitement et de rencontrer pour commencer un(e) sophrologue \u00e0 son cabinet. <\/span><span class=\"a_GcMg font-feature-liga-off font-feature-clig-off font-feature-calt-off text-decoration-none text-strikethrough-none\">Les huiles essentielles propos\u00e9es, accessibles, s\u00e9curitaires en diffusion ou olfaction, soutiennent directement l\u2019effet mais ne remplace pas un suivi m\u00e9dical. Il faut v\u00e9rifier vos possibles contre-indications. Leur usage est<\/span> <span class=\"a_GcMg font-feature-liga-off font-feature-clig-off font-feature-calt-off text-decoration-none text-strikethrough-none\">r\u00e9serv\u00e9 \u00e0 l\u2019adulte et enfant de plus de 6 ans, ne pas appliquer pure sur la peau sans avis, d\u00e9conseill\u00e9 aux femmes enceintes et allaitantes.\u00a0<\/span><span class=\"a_GcMg font-feature-liga-off font-feature-clig-off font-feature-calt-off text-decoration-none text-strikethrough-none\">Les s\u00e9ances audios sont une exp\u00e9rience de d\u00e9tente et de bien-\u00eatre, non un traitement.<\/span><\/h6>\n<p>Une fois votre commande valid\u00e9e, vous recevrez vos fichiers sur le mail li\u00e9 \u00e0 votre commande. Vous pourrez\u00a0<strong data-start=\"955\" data-end=\"999\">t\u00e9l\u00e9charger vos audios deux fois<\/strong> dans un <strong data-start=\"1008\" data-end=\"1027\">d\u00e9lai de 3 mois<\/strong> \u00e0 compter de la date de votre achat.\u00a0Nous vous recommandons d\u2019enregistrer vos fichiers sur votre t\u00e9l\u00e9phone, tablette ou ordinateur d\u00e8s la premi\u00e8re utilisation.<\/p>\n","protected":false},"excerpt":{"rendered":"<p>Offrez \u00e0 votre corps un moment de rel\u00e2chement et de douceur.<br data-start=\"689\" data-end=\"692\" \/>Ce pack associe 4 audios de sophrologie \u00e0 l\u2019\u00e9nergie du concentr\u00e9 de soin Roll-on Argent &#8211; R\u00e9paration Alt\u00e9arah. Un rituel sensoriel pour apaiser les tensions, purifier les \u00e9motions et retrouver la paix int\u00e9rieure.<\/p>\n","protected":false},"featured_media":857,"template":"","meta":[],"product_brand":[],"product_cat":[18,19],"product_tag":[],"class_list":{"0":"post-850","1":"product","2":"type-product","3":"status-publish","4":"has-post-thumbnail","6":"product_cat-audio","7":"product_cat-produits","9":"first","10":"instock","11":"downloadable","12":"shipping-taxable","13":"purchasable","14":"product-type-simple"},"jetpack_sharing_enabled":true,"_links":{"self":[{"href":"https:\/\/pause-papillon-sophrologie.fr\/index.php\/wp-json\/wp\/v2\/product\/850","targetHints":{"allow":["GET"]}}],"collection":[{"href":"https:\/\/pause-papillon-sophrologie.fr\/index.php\/wp-json\/wp\/v2\/product"}],"about":[{"href":"https:\/\/pause-papillon-sophrologie.fr\/index.php\/wp-json\/wp\/v2\/types\/product"}],"wp:featuredmedia":[{"embeddable":true,"href":"https:\/\/pause-papillon-sophrologie.fr\/index.php\/wp-json\/wp\/v2\/media\/857"}],"wp:attachment":[{"href":"https:\/\/pause-papillon-sophrologie.fr\/index.php\/wp-json\/wp\/v2\/media?parent=850"}],"wp:term":[{"taxonomy":"product_brand","embeddable":true,"href":"https:\/\/pause-papillon-sophrologie.fr\/index.php\/wp-json\/wp\/v2\/product_brand?post=850"},{"taxonomy":"product_cat","embeddable":true,"href":"https:\/\/pause-papillon-sophrologie.fr\/index.php\/wp-json\/wp\/v2\/product_cat?post=850"},{"taxonomy":"product_tag","embeddable":true,"href":"https:\/\/pause-papillon-sophrologie.fr\/index.php\/wp-json\/wp\/v2\/product_tag?post=850"}],"curies":[{"name":"wp","href":"https:\/\/api.w.org\/{rel}","templated":true}]}}