{"id":827,"date":"2025-10-04T14:13:27","date_gmt":"2025-10-04T12:13:27","guid":{"rendered":"http:\/\/pause-papillon-sophrologie.fr\/?post_type=product&#038;p=827"},"modified":"2025-11-07T17:33:18","modified_gmt":"2025-11-07T16:33:18","slug":"pack-sommeil-prenium","status":"publish","type":"product","link":"https:\/\/pause-papillon-sophrologie.fr\/index.php\/produit\/pack-sommeil-prenium\/","title":{"rendered":"Pack Sommeil Premium"},"content":{"rendered":"<p data-start=\"1835\" data-end=\"2040\">Offrez vous un rituel \u00ab\u00a0<strong>Sommeil<\/strong>\u00a0\u00bb alliant sophrologie et aromacologie.<\/p>\n<p data-start=\"1835\" data-end=\"2040\">Avec ce pack de 4 audios guid\u00e9es de 4 \u00e0 10 minutes et d&rsquo;un concentr\u00e9 de soin &#8211; roll&rsquo;on Vert Fra\u00eecheur vous retrouverez un duo alliant d\u00e9tente du corps et paix de l\u2019esprit pour apaiser les nuits agit\u00e9es.<\/p>\n<p>Pourquoi vous proposer l\u2019association avec la couleur Alt\u00e9arah Verte ? Parce qu\u2019elle symbolise le rel\u00e2chement corporel et la lib\u00e9ration des tensions physiques. Elle favorise la r\u00e9g\u00e9n\u00e9ration et la l\u00e9g\u00e8ret\u00e9 et apporte une sensation de d\u00e9compression, de respiration, d\u2019ouverture du c\u0153ur et du diaphragme.<\/p>\n<p data-start=\"1063\" data-end=\"1379\">Vous pour appliquer le concentr\u00e9 de soin au niveau du diaphrame ou en olfaction en ouvrant et respirant le flacon.<\/p>\n<h6><span class=\"a_GcMg font-feature-liga-off font-feature-clig-off font-feature-calt-off text-decoration-none text-strikethrough-none\">Si vous rencontrez des probl\u00e8mes r\u00e9currents (insomnies, stress, angoisses, douleurs, maladies chroniques\u2026) il est fortement conseill\u00e9 de consulter votre m\u00e9decin, prendre votre traitement et de rencontrer pour commencer un(e) sophrologue \u00e0 son cabinet. <\/span><span class=\"a_GcMg font-feature-liga-off font-feature-clig-off font-feature-calt-off text-decoration-none text-strikethrough-none\">Les huiles essentielles propos\u00e9es, accessibles, s\u00e9curitaires en diffusion ou olfaction, soutiennent directement l\u2019effet mais ne remplace pas un suivi m\u00e9dical. Il faut v\u00e9rifier vos possibles contre-indications. Leur usage est<\/span> <span class=\"a_GcMg font-feature-liga-off font-feature-clig-off font-feature-calt-off text-decoration-none text-strikethrough-none\">r\u00e9serv\u00e9 \u00e0 l\u2019adulte et enfant de plus de 6 ans, ne pas appliquer pure sur la peau sans avis, d\u00e9conseill\u00e9 aux femmes enceintes et allaitantes.\u00a0<\/span><span class=\"a_GcMg font-feature-liga-off font-feature-clig-off font-feature-calt-off text-decoration-none text-strikethrough-none\">Les s\u00e9ances audios sont une exp\u00e9rience de d\u00e9tente et de bien-\u00eatre, non un traitement.<\/span><\/h6>\n<p>Une fois votre commande valid\u00e9e, vous recevrez vos fichiers sur le mail li\u00e9 \u00e0 votre commande. Vous pourrez\u00a0<strong data-start=\"955\" data-end=\"999\">t\u00e9l\u00e9charger vos audios deux fois<\/strong> dans un <strong data-start=\"1008\" data-end=\"1027\">d\u00e9lai de 3 mois<\/strong> \u00e0 compter de la date de votre achat.\u00a0Nous vous recommandons d\u2019enregistrer vos fichiers sur votre t\u00e9l\u00e9phone, tablette ou ordinateur d\u00e8s la premi\u00e8re utilisation.<\/p>\n<p>&nbsp;<\/p>\n","protected":false},"excerpt":{"rendered":"<div class=\"woocommerce-product-details__short-description\">\n<p>Un duo apaisant pour rel\u00e2cher les tensions physiques et retrouver un \u00ab\u00a0<strong>sommeil\u00a0\u00bb<\/strong> l\u00e9ger et r\u00e9parateur.<\/p>\n<p>Le concentr\u00e9 de soin Vert Fra\u00eecheur aide \u00e0 rel\u00e2cher les tensions physiques et \u00e0 all\u00e9ger le corps avant le coucher.<br data-start=\"465\" data-end=\"468\" \/>Ce pack comprend 4 audios guid\u00e9s de sophrologie et le concentr\u00e9 de soin &#8211; Roll-on Vert Fra\u00eecheur aide \u00e0 rel\u00e2cher les tensions physiques et \u00e0 all\u00e9ger le corps avant le coucher, \u00e0 utiliser en application au niveau du diaphragme ou en olfaction.<\/p>\n<\/div>\n","protected":false},"featured_media":858,"template":"","meta":[],"product_brand":[],"product_cat":[18,19],"product_tag":[],"class_list":{"0":"post-827","1":"product","2":"type-product","3":"status-publish","4":"has-post-thumbnail","6":"product_cat-audio","7":"product_cat-produits","9":"first","10":"instock","11":"downloadable","12":"shipping-taxable","13":"purchasable","14":"product-type-simple"},"jetpack_sharing_enabled":true,"_links":{"self":[{"href":"https:\/\/pause-papillon-sophrologie.fr\/index.php\/wp-json\/wp\/v2\/product\/827","targetHints":{"allow":["GET"]}}],"collection":[{"href":"https:\/\/pause-papillon-sophrologie.fr\/index.php\/wp-json\/wp\/v2\/product"}],"about":[{"href":"https:\/\/pause-papillon-sophrologie.fr\/index.php\/wp-json\/wp\/v2\/types\/product"}],"wp:featuredmedia":[{"embeddable":true,"href":"https:\/\/pause-papillon-sophrologie.fr\/index.php\/wp-json\/wp\/v2\/media\/858"}],"wp:attachment":[{"href":"https:\/\/pause-papillon-sophrologie.fr\/index.php\/wp-json\/wp\/v2\/media?parent=827"}],"wp:term":[{"taxonomy":"product_brand","embeddable":true,"href":"https:\/\/pause-papillon-sophrologie.fr\/index.php\/wp-json\/wp\/v2\/product_brand?post=827"},{"taxonomy":"product_cat","embeddable":true,"href":"https:\/\/pause-papillon-sophrologie.fr\/index.php\/wp-json\/wp\/v2\/product_cat?post=827"},{"taxonomy":"product_tag","embeddable":true,"href":"https:\/\/pause-papillon-sophrologie.fr\/index.php\/wp-json\/wp\/v2\/product_tag?post=827"}],"curies":[{"name":"wp","href":"https:\/\/api.w.org\/{rel}","templated":true}]}}