{"id":825,"date":"2025-10-04T13:56:08","date_gmt":"2025-10-04T11:56:08","guid":{"rendered":"http:\/\/pause-papillon-sophrologie.fr\/?post_type=product&#038;p=825"},"modified":"2025-11-07T17:59:38","modified_gmt":"2025-11-07T16:59:38","slug":"pack-sommeil","status":"publish","type":"product","link":"https:\/\/pause-papillon-sophrologie.fr\/index.php\/produit\/pack-sommeil\/","title":{"rendered":"Pack Sommeil"},"content":{"rendered":"<p data-start=\"780\" data-end=\"943\">Le pack <strong>\u00ab\u00a0Sommeil\u00a0\u00bb<\/strong> vous accompagne lors du coucher ou si vous souffrez de r\u00e9veil nocturne. Il comprend 4 audios guid\u00e9s d&rsquo;une dur\u00e9e de 4 \u00e0 6 mn.<\/p>\n<p data-start=\"1267\" data-end=\"1316\">Que ce soit pour apaiser, calmer, favoriser l&rsquo;endormissement ou la d\u00e9tente musculaire. Je vous propose un rituel rassurant avant de vous endormir.<\/p>\n<p data-start=\"1383\" data-end=\"1433\"><span class=\"a_GcMg font-feature-liga-off font-feature-clig-off font-feature-calt-off text-decoration-none text-strikethrough-none\">Je vous propose \u2013 si vous le souhaitez \u2013 d\u2019associer ces audios \u00e0 une huile essentielle unique et personnalis\u00e9e \u00e0 utiliser en diffusion ou en olfaction :\u00a0 le p<\/span>etit Grain Bigarade (<em data-start=\"387\" data-end=\"424\">Citrus aurantium ssp. amara feuille<\/em>), une huile qui invite naturellement \u00e0 la respiration calme et au retour \u00e0 soi.<\/p>\n<h6><span class=\"a_GcMg font-feature-liga-off font-feature-clig-off font-feature-calt-off text-decoration-none text-strikethrough-none\">Si vous rencontrez des probl\u00e8mes r\u00e9currents (insomnies, stress, angoisses, douleurs, maladies chroniques\u2026) il est fortement conseill\u00e9 de consulter votre m\u00e9decin, prendre votre traitement et de rencontrer pour commencer un(e) sophrologue \u00e0 son cabinet. <\/span><span class=\"a_GcMg font-feature-liga-off font-feature-clig-off font-feature-calt-off text-decoration-none text-strikethrough-none\">Les huiles essentielles propos\u00e9es, accessibles, s\u00e9curitaires en diffusion ou olfaction, soutiennent directement l\u2019effet mais ne remplace pas un suivi m\u00e9dical. Il faut v\u00e9rifier vos possibles contre-indications. Leur usage est<\/span> <span class=\"a_GcMg font-feature-liga-off font-feature-clig-off font-feature-calt-off text-decoration-none text-strikethrough-none\">r\u00e9serv\u00e9 \u00e0 l\u2019adulte et enfant de plus de 6 ans, ne pas appliquer pure sur la peau sans avis, d\u00e9conseill\u00e9 aux femmes enceintes et allaitantes.\u00a0<\/span><span class=\"a_GcMg font-feature-liga-off font-feature-clig-off font-feature-calt-off text-decoration-none text-strikethrough-none\">Les s\u00e9ances audios sont une exp\u00e9rience de d\u00e9tente et de bien-\u00eatre, non un traitement.<\/span><\/h6>\n<p>Une fois votre commande valid\u00e9e, vous recevrez vos fichiers sur le mail li\u00e9 \u00e0 votre commande. Vous pourrez\u00a0<strong data-start=\"955\" data-end=\"999\">t\u00e9l\u00e9charger vos audios deux fois<\/strong> dans un <strong data-start=\"1008\" data-end=\"1027\">d\u00e9lai de 3 mois<\/strong> \u00e0 compter de la date de votre achat.\u00a0Nous vous recommandons d\u2019enregistrer vos fichiers sur votre t\u00e9l\u00e9phone, tablette ou ordinateur d\u00e8s la premi\u00e8re utilisation.<\/p>\n<p>&nbsp;<\/p>\n","protected":false},"excerpt":{"rendered":"<p>Offrez-vous un rituel du soir avec ce pack de 4 audios guid\u00e9s de sophrologie sur le th\u00e8me du \u00ab\u00a0<strong>Sommeil<\/strong>\u201d. Pr\u00e9parer votre corps, apaiser votre mental et favoriser un sommeil profond.<br data-start=\"554\" data-end=\"557\" \/><br data-start=\"318\" data-end=\"321\" \/>\u00a0Je vous propose de vivre ce moment avec ou sans huile essentielle de<span class=\"a_GcMg font-feature-liga-off font-feature-clig-off font-feature-calt-off text-decoration-none text-strikethrough-none\"> p<\/span>etit Grain Bigarade (<em data-start=\"387\" data-end=\"424\">Citrus aurantium ssp. amara feuille<\/em>), une huile qui invite naturellement \u00e0 la respiration calme et au retour \u00e0 soi.<\/p>\n","protected":false},"featured_media":826,"template":"","meta":[],"product_brand":[],"product_cat":[18],"product_tag":[],"class_list":{"0":"post-825","1":"product","2":"type-product","3":"status-publish","4":"has-post-thumbnail","6":"product_cat-audio","8":"first","9":"instock","10":"downloadable","11":"virtual","12":"purchasable","13":"product-type-simple"},"jetpack_sharing_enabled":true,"_links":{"self":[{"href":"https:\/\/pause-papillon-sophrologie.fr\/index.php\/wp-json\/wp\/v2\/product\/825","targetHints":{"allow":["GET"]}}],"collection":[{"href":"https:\/\/pause-papillon-sophrologie.fr\/index.php\/wp-json\/wp\/v2\/product"}],"about":[{"href":"https:\/\/pause-papillon-sophrologie.fr\/index.php\/wp-json\/wp\/v2\/types\/product"}],"wp:featuredmedia":[{"embeddable":true,"href":"https:\/\/pause-papillon-sophrologie.fr\/index.php\/wp-json\/wp\/v2\/media\/826"}],"wp:attachment":[{"href":"https:\/\/pause-papillon-sophrologie.fr\/index.php\/wp-json\/wp\/v2\/media?parent=825"}],"wp:term":[{"taxonomy":"product_brand","embeddable":true,"href":"https:\/\/pause-papillon-sophrologie.fr\/index.php\/wp-json\/wp\/v2\/product_brand?post=825"},{"taxonomy":"product_cat","embeddable":true,"href":"https:\/\/pause-papillon-sophrologie.fr\/index.php\/wp-json\/wp\/v2\/product_cat?post=825"},{"taxonomy":"product_tag","embeddable":true,"href":"https:\/\/pause-papillon-sophrologie.fr\/index.php\/wp-json\/wp\/v2\/product_tag?post=825"}],"curies":[{"name":"wp","href":"https:\/\/api.w.org\/{rel}","templated":true}]}}