{"id":820,"date":"2025-10-02T18:55:46","date_gmt":"2025-10-02T16:55:46","guid":{"rendered":"http:\/\/pause-papillon-sophrologie.fr\/?post_type=product&#038;p=820"},"modified":"2025-11-07T18:00:46","modified_gmt":"2025-11-07T17:00:46","slug":"pack-serenite-genius","status":"publish","type":"product","link":"https:\/\/pause-papillon-sophrologie.fr\/index.php\/produit\/pack-serenite-genius\/","title":{"rendered":"Pack S\u00e9r\u00e9nit\u00e9 Genius"},"content":{"rendered":"<p data-start=\"800\" data-end=\"894\">Offrez-vous un rituel complet de d\u00e9tente avec ce pack associant sophrologie et aromacologie.<\/p>\n<p data-start=\"896\" data-end=\"928\">Le pack \u201c<strong>S\u00e9r\u00e9nit\u00e9 G\u00e9nius<\/strong>\u201d comprend 5 audios guid\u00e9s de sophrologie pour lib\u00e9rer la charge mentale, se prot\u00e9ger des tensions ext\u00e9rieures, retrouver le calme int\u00e9rieur, etc\u2026 Il est accompagn\u00e9 d&rsquo;un coffret Alt\u00e9arah 5 parfums de soin (5 ml), qui r\u00e9unit 5 couleurs essentielles :<\/p>\n<p>Turquoise &#8211; S\u00e9r\u00e9nit\u00e9, Emeraude &#8211; Oxyg\u00e8ne,\u00a0Blanc &#8211; Puret\u00e9, Orange &#8211; Cr\u00e9ativit\u00e9 et\u00a0Pourpre &#8211; Energie<\/p>\n<p>D\u2019une dur\u00e9e de 4 et 7 minutes, ces audios sont id\u00e9aux \u00e0 tout moment de la journ\u00e9e.<\/p>\n<p data-start=\"1351\" data-end=\"1449\">Pourquoi vous proposer d&rsquo;associer les parfums de soin Alt\u00e9arah ? Parce que chaque parfum est une ressource \u00e9motionnelle. Selon vos besoins ou vos envies du moment, vous pouvez choisir votre couleur ou faire un tirage \u00e0 l&rsquo;aveugle, pulv\u00e9riser le produit dans vos mains ou sur une lingette, un tissu ou en vaporisation autour de vous.<\/p>\n<h6><span class=\"a_GcMg font-feature-liga-off font-feature-clig-off font-feature-calt-off text-decoration-none text-strikethrough-none\">Si vous rencontrez des probl\u00e8mes r\u00e9currents (insomnies, stress, angoisses, douleurs, maladies chroniques\u2026) il est fortement conseill\u00e9 de consulter votre m\u00e9decin, prendre votre traitement et de rencontrer pour commencer un(e) sophrologue \u00e0 son cabinet. <\/span><span class=\"a_GcMg font-feature-liga-off font-feature-clig-off font-feature-calt-off text-decoration-none text-strikethrough-none\">Les huiles essentielles propos\u00e9es, accessibles, s\u00e9curitaires en diffusion ou olfaction, soutiennent directement l\u2019effet mais ne remplace pas un suivi m\u00e9dical. Il faut v\u00e9rifier vos possibles contre-indications. Leur usage est<\/span> <span class=\"a_GcMg font-feature-liga-off font-feature-clig-off font-feature-calt-off text-decoration-none text-strikethrough-none\">r\u00e9serv\u00e9 \u00e0 l\u2019adulte et enfant de plus de 6 ans, ne pas appliquer pure sur la peau sans avis, d\u00e9conseill\u00e9 aux femmes enceintes et allaitantes.\u00a0<\/span><span class=\"a_GcMg font-feature-liga-off font-feature-clig-off font-feature-calt-off text-decoration-none text-strikethrough-none\">Les s\u00e9ances audios sont une exp\u00e9rience de d\u00e9tente et de bien-\u00eatre, non un traitement.<\/span><\/h6>\n<p>Une fois votre commande valid\u00e9e, vous recevrez vos fichiers sur le mail li\u00e9 \u00e0 votre commande. Vous pourrez\u00a0<strong data-start=\"955\" data-end=\"999\">t\u00e9l\u00e9charger vos audios jusqu\u2019\u00e0 deux fois<\/strong> dans un <strong data-start=\"1008\" data-end=\"1027\">d\u00e9lai de 3 mois<\/strong> \u00e0 compter de la date de votre achat.\u00a0Nous vous recommandons d\u2019enregistrer vos fichiers sur votre t\u00e9l\u00e9phone, tablette ou ordinateur d\u00e8s la premi\u00e8re utilisation.<\/p>\n<p>&nbsp;<\/p>\n","protected":false},"excerpt":{"rendered":"<p>Un coffret bien-\u00eatre unique qui associe sophrologie et olfaction.<br data-start=\"487\" data-end=\"490\" \/>Ce pack comprend 5 audios guid\u00e9s et le coffret Alt\u00e9arah de 5 parfums de soin (5 ml) pour retrouver s\u00e9r\u00e9nit\u00e9 et \u00e9quilibre pour choisir, selon votre besoin ou votre envie du moment, la couleur qui vous accompagnera vers le calme.<\/p>\n","protected":false},"featured_media":821,"template":"","meta":[],"product_brand":[],"product_cat":[18,19],"product_tag":[],"class_list":{"0":"post-820","1":"product","2":"type-product","3":"status-publish","4":"has-post-thumbnail","6":"product_cat-audio","7":"product_cat-produits","9":"first","10":"instock","11":"downloadable","12":"shipping-taxable","13":"purchasable","14":"product-type-simple"},"jetpack_sharing_enabled":true,"_links":{"self":[{"href":"https:\/\/pause-papillon-sophrologie.fr\/index.php\/wp-json\/wp\/v2\/product\/820","targetHints":{"allow":["GET"]}}],"collection":[{"href":"https:\/\/pause-papillon-sophrologie.fr\/index.php\/wp-json\/wp\/v2\/product"}],"about":[{"href":"https:\/\/pause-papillon-sophrologie.fr\/index.php\/wp-json\/wp\/v2\/types\/product"}],"wp:featuredmedia":[{"embeddable":true,"href":"https:\/\/pause-papillon-sophrologie.fr\/index.php\/wp-json\/wp\/v2\/media\/821"}],"wp:attachment":[{"href":"https:\/\/pause-papillon-sophrologie.fr\/index.php\/wp-json\/wp\/v2\/media?parent=820"}],"wp:term":[{"taxonomy":"product_brand","embeddable":true,"href":"https:\/\/pause-papillon-sophrologie.fr\/index.php\/wp-json\/wp\/v2\/product_brand?post=820"},{"taxonomy":"product_cat","embeddable":true,"href":"https:\/\/pause-papillon-sophrologie.fr\/index.php\/wp-json\/wp\/v2\/product_cat?post=820"},{"taxonomy":"product_tag","embeddable":true,"href":"https:\/\/pause-papillon-sophrologie.fr\/index.php\/wp-json\/wp\/v2\/product_tag?post=820"}],"curies":[{"name":"wp","href":"https:\/\/api.w.org\/{rel}","templated":true}]}}