{"id":817,"date":"2025-10-02T18:12:10","date_gmt":"2025-10-02T16:12:10","guid":{"rendered":"http:\/\/pause-papillon-sophrologie.fr\/?post_type=product&#038;p=817"},"modified":"2025-11-04T15:08:37","modified_gmt":"2025-11-04T14:08:37","slug":"pack-serenite-premium","status":"publish","type":"product","link":"https:\/\/pause-papillon-sophrologie.fr\/index.php\/produit\/pack-serenite-premium\/","title":{"rendered":"Pack S\u00e9r\u00e9nit\u00e9 Premium"},"content":{"rendered":"<p data-start=\"742\" data-end=\"839\">Offrez-vous une bulle de calme avec ce pack associant sophrologie et olfaction.<\/p>\n<p data-start=\"742\" data-end=\"839\">Le pack \u00ab\u00a0<strong>S\u00e9r\u00e9nit\u00e9 Pr\u00e9nium<\/strong>\u00a0\u00bb comprend 5 audios guid\u00e9s de sophrologie pour lib\u00e9rer la charge mentale, se prot\u00e9ger des tensions ext\u00e9rieures, retrouver le calme int\u00e9rieur, etc&#8230; et le concentr\u00e9 de soins roll-on Turquoise &#8211; S\u00e9r\u00e9nit\u00e9 Alt\u00e9arah, \u00e0 appliquer sur le haut de la poitrine ou le haut du dos ou en olfaction pour apaiser le mental et favoriser un retour au calme.<\/p>\n<p data-start=\"742\" data-end=\"839\">D\u2019une dur\u00e9e de 4 et 7 minutes, ils sont id\u00e9aux \u00e0 tout moment de la journ\u00e9e.<\/p>\n<p data-start=\"1213\" data-end=\"1409\">Pourquoi vous proposer l&rsquo;association avec la couleur Turquoise ? Parce qu&rsquo;elle \u00a0incarne la s\u00e9r\u00e9nit\u00e9, le rel\u00e2chement et l\u2019apaisement \u00e9motionnel. Elle est id\u00e9ale pour accompagner un moment de l\u00e2cher-prise et renforcer les bienfaits des s\u00e9ances audio.<\/p>\n<h6><span class=\"a_GcMg font-feature-liga-off font-feature-clig-off font-feature-calt-off text-decoration-none text-strikethrough-none\">Si vous rencontrez des probl\u00e8mes r\u00e9currents (insomnies, stress, angoisses, douleurs, maladies chroniques\u2026) il est fortement conseill\u00e9 de consulter votre m\u00e9decin, prendre votre traitement et de rencontrer pour commencer un(e) sophrologue \u00e0 son cabinet. <\/span><span class=\"a_GcMg font-feature-liga-off font-feature-clig-off font-feature-calt-off text-decoration-none text-strikethrough-none\">Les huiles essentielles propos\u00e9es, accessibles, s\u00e9curitaires en diffusion ou olfaction, soutiennent directement l\u2019effet mais ne remplace pas un suivi m\u00e9dical. Il faut v\u00e9rifier vos possibles contre-indications. Leur usage est<\/span> <span class=\"a_GcMg font-feature-liga-off font-feature-clig-off font-feature-calt-off text-decoration-none text-strikethrough-none\">r\u00e9serv\u00e9 \u00e0 l\u2019adulte et enfant de plus de 6 ans, ne pas appliquer pure sur la peau sans avis, d\u00e9conseill\u00e9 aux femmes enceintes et allaitantes.\u00a0<\/span><span class=\"a_GcMg font-feature-liga-off font-feature-clig-off font-feature-calt-off text-decoration-none text-strikethrough-none\">Les s\u00e9ances audios sont une exp\u00e9rience de d\u00e9tente et de bien-\u00eatre, non un traitement.<\/span><\/h6>\n<p>Une fois votre commande valid\u00e9e, vous recevrez vos fichiers sur le mail li\u00e9 \u00e0 votre commande. Vous pourrez\u00a0<strong data-start=\"955\" data-end=\"999\">t\u00e9l\u00e9charger vos audios deux fois<\/strong> dans un <strong data-start=\"1008\" data-end=\"1027\">d\u00e9lai de 3 mois<\/strong> \u00e0 compter de la date de votre achat.\u00a0Nous vous recommandons d\u2019enregistrer vos fichiers sur votre t\u00e9l\u00e9phone, tablette ou ordinateur d\u00e8s la premi\u00e8re utilisation.<\/p>\n<p>&nbsp;<\/p>\n","protected":false},"excerpt":{"rendered":"<p>Un coffret bien-\u00eatre unique et personnalis\u00e9 pour apaiser le mental, rel\u00e2cher les tensions et retrouver la paix int\u00e9rieure.<br data-start=\"465\" data-end=\"468\" \/>Ce pack comprend 5 audios guid\u00e9s de sophrologie et le concentr\u00e9 de soin Roll-on Turquoise S\u00e9r\u00e9nit\u00e9, \u00e0 utiliser en application sur le haut de la poitrine ou le haut du dos ou en olfaction pour renforcer la d\u00e9tente au quotidien.<\/p>\n<p>Un rituel simple et efficace pour retrouver \u00e9quilibre et s\u00e9r\u00e9nit\u00e9, \u00e0 tout moment de la journ\u00e9e<\/p>\n","protected":false},"featured_media":818,"template":"","meta":[],"product_brand":[],"product_cat":[18,19],"product_tag":[],"class_list":{"0":"post-817","1":"product","2":"type-product","3":"status-publish","4":"has-post-thumbnail","6":"product_cat-audio","7":"product_cat-produits","9":"first","10":"instock","11":"downloadable","12":"shipping-taxable","13":"purchasable","14":"product-type-simple"},"jetpack_sharing_enabled":true,"_links":{"self":[{"href":"https:\/\/pause-papillon-sophrologie.fr\/index.php\/wp-json\/wp\/v2\/product\/817","targetHints":{"allow":["GET"]}}],"collection":[{"href":"https:\/\/pause-papillon-sophrologie.fr\/index.php\/wp-json\/wp\/v2\/product"}],"about":[{"href":"https:\/\/pause-papillon-sophrologie.fr\/index.php\/wp-json\/wp\/v2\/types\/product"}],"wp:featuredmedia":[{"embeddable":true,"href":"https:\/\/pause-papillon-sophrologie.fr\/index.php\/wp-json\/wp\/v2\/media\/818"}],"wp:attachment":[{"href":"https:\/\/pause-papillon-sophrologie.fr\/index.php\/wp-json\/wp\/v2\/media?parent=817"}],"wp:term":[{"taxonomy":"product_brand","embeddable":true,"href":"https:\/\/pause-papillon-sophrologie.fr\/index.php\/wp-json\/wp\/v2\/product_brand?post=817"},{"taxonomy":"product_cat","embeddable":true,"href":"https:\/\/pause-papillon-sophrologie.fr\/index.php\/wp-json\/wp\/v2\/product_cat?post=817"},{"taxonomy":"product_tag","embeddable":true,"href":"https:\/\/pause-papillon-sophrologie.fr\/index.php\/wp-json\/wp\/v2\/product_tag?post=817"}],"curies":[{"name":"wp","href":"https:\/\/api.w.org\/{rel}","templated":true}]}}