{"id":787,"date":"2025-09-29T20:27:32","date_gmt":"2025-09-29T18:27:32","guid":{"rendered":"https:\/\/pause-papillon-sophrologie.fr\/?post_type=product&#038;p=787"},"modified":"2025-11-07T17:59:11","modified_gmt":"2025-11-07T16:59:11","slug":"pack-serenite","status":"publish","type":"product","link":"https:\/\/pause-papillon-sophrologie.fr\/index.php\/produit\/pack-serenite\/","title":{"rendered":"Pack S\u00e9r\u00e9nit\u00e9"},"content":{"rendered":"<p>Ce pack comprend\u00a0 5 audios guid\u00e9s sur le th\u00e8me de la <strong>\u00ab S\u00e9r\u00e9nit\u00e9 \u00bb<\/strong> pour rel\u00e2cher instantan\u00e9ment les tensions mentales et physiques.<br data-start=\"532\" data-end=\"535\" \/>D&rsquo;une dur\u00e9e de 4 \u00e0 7 minutes, ils sont id\u00e9aux \u00e0 tout moment de la journ\u00e9e.<\/p>\n<p>Je vous propose &#8211; si vous le souhaitez &#8211; d&rsquo;associer ces audios \u00e0 une huile essentielle unique et personnalis\u00e9e \u00e0 utiliser en diffusion ou en olfaction :\u00a0 la <em>lavande<\/em><br \/>\n<em>vraie (Lavandula angustifolia)<\/em> : une huile apaisante, polyvalente, rassurante.<\/p>\n<h6><span class=\"a_GcMg font-feature-liga-off font-feature-clig-off font-feature-calt-off text-decoration-none text-strikethrough-none\">Si vous rencontrez des probl\u00e8mes r\u00e9currents (insomnies, stress, angoisses, douleurs, maladies chroniques\u2026) il est fortement conseill\u00e9 de consulter votre m\u00e9decin, prendre votre traitement et de rencontrer pour commencer un(e) sophrologue \u00e0 son cabinet. <\/span><span class=\"a_GcMg font-feature-liga-off font-feature-clig-off font-feature-calt-off text-decoration-none text-strikethrough-none\">Les huiles essentielles propos\u00e9es, accessibles, s\u00e9curitaires en diffusion ou olfaction, soutiennent directement l\u2019effet mais ne remplace pas un suivi m\u00e9dical. Il faut v\u00e9rifier vos possibles contre-indications. Leur usage est<\/span> <span class=\"a_GcMg font-feature-liga-off font-feature-clig-off font-feature-calt-off text-decoration-none text-strikethrough-none\">r\u00e9serv\u00e9 \u00e0 l\u2019adulte et enfant de plus de 6 ans, ne pas appliquer pure sur la peau sans avis, d\u00e9conseill\u00e9 aux femmes enceintes et allaitantes.\u00a0<\/span><span class=\"a_GcMg font-feature-liga-off font-feature-clig-off font-feature-calt-off text-decoration-none text-strikethrough-none\">Les s\u00e9ances audios sont une exp\u00e9rience de d\u00e9tente et de bien-\u00eatre, non un traitement.<\/span><\/h6>\n<p>Une fois votre commande valid\u00e9e, vous recevrez vos fichiers sur le mail li\u00e9 \u00e0 votre commande. Vous pourrez\u00a0<strong data-start=\"955\" data-end=\"999\">t\u00e9l\u00e9charger vos audios deux fois<\/strong> dans un <strong data-start=\"1008\" data-end=\"1027\">d\u00e9lai de 3 mois<\/strong> \u00e0 compter de la date de votre achat.\u00a0Nous vous recommandons d\u2019enregistrer vos fichiers sur votre t\u00e9l\u00e9phone, tablette ou ordinateur d\u00e8s la premi\u00e8re utilisation.<\/p>\n<p>&nbsp;<\/p>\n<p>&nbsp;<\/p>\n","protected":false},"excerpt":{"rendered":"<p data-start=\"148\" data-end=\"439\">Offrez-vous un moment rien qu\u2019\u00e0 vous avec ce pack de 5 audios guid\u00e9s de sophrologie sur le th\u00e8me de la \u00ab\u00a0S\u00e9r\u00e9nit\u00e9\u00a0\u00bb pour apaiser le mental, rel\u00e2cher les tensions et retrouver un \u00e9quilibre int\u00e9rieur.<br data-start=\"318\" data-end=\"321\" \/>\u00a0Je vous propose de vivre ce moment avec ou sans huile essentielle de lavande vraie <em>(Lavandula angustifolia)<\/em>, alli\u00e9e naturelle de la d\u00e9tente et de la s\u00e9r\u00e9nit\u00e9.<\/p>\n","protected":false},"featured_media":803,"template":"","meta":[],"product_brand":[],"product_cat":[18],"product_tag":[],"class_list":{"0":"post-787","1":"product","2":"type-product","3":"status-publish","4":"has-post-thumbnail","6":"product_cat-audio","8":"first","9":"instock","10":"downloadable","11":"virtual","12":"purchasable","13":"product-type-simple"},"jetpack_sharing_enabled":true,"_links":{"self":[{"href":"https:\/\/pause-papillon-sophrologie.fr\/index.php\/wp-json\/wp\/v2\/product\/787","targetHints":{"allow":["GET"]}}],"collection":[{"href":"https:\/\/pause-papillon-sophrologie.fr\/index.php\/wp-json\/wp\/v2\/product"}],"about":[{"href":"https:\/\/pause-papillon-sophrologie.fr\/index.php\/wp-json\/wp\/v2\/types\/product"}],"wp:featuredmedia":[{"embeddable":true,"href":"https:\/\/pause-papillon-sophrologie.fr\/index.php\/wp-json\/wp\/v2\/media\/803"}],"wp:attachment":[{"href":"https:\/\/pause-papillon-sophrologie.fr\/index.php\/wp-json\/wp\/v2\/media?parent=787"}],"wp:term":[{"taxonomy":"product_brand","embeddable":true,"href":"https:\/\/pause-papillon-sophrologie.fr\/index.php\/wp-json\/wp\/v2\/product_brand?post=787"},{"taxonomy":"product_cat","embeddable":true,"href":"https:\/\/pause-papillon-sophrologie.fr\/index.php\/wp-json\/wp\/v2\/product_cat?post=787"},{"taxonomy":"product_tag","embeddable":true,"href":"https:\/\/pause-papillon-sophrologie.fr\/index.php\/wp-json\/wp\/v2\/product_tag?post=787"}],"curies":[{"name":"wp","href":"https:\/\/api.w.org\/{rel}","templated":true}]}}