{"id":66,"date":"2022-10-12T22:34:56","date_gmt":"2022-10-12T20:34:56","guid":{"rendered":"http:\/\/xndrkjp.cluster029.hosting.ovh.net\/?page_id=66"},"modified":"2026-04-27T15:43:52","modified_gmt":"2026-04-27T13:43:52","slug":"mon-parcours","status":"publish","type":"page","link":"https:\/\/pause-papillon-sophrologie.fr\/index.php\/mon-parcours\/","title":{"rendered":"Qui suis-je ?"},"content":{"rendered":"\t\t<div data-elementor-type=\"wp-page\" data-elementor-id=\"66\" class=\"elementor elementor-66\">\n\t\t\t\t\t\t<section class=\"elementor-section elementor-top-section elementor-element elementor-element-cbbd753 elementor-section-boxed elementor-section-height-default elementor-section-height-default\" data-id=\"cbbd753\" data-element_type=\"section\" data-settings=\"{&quot;background_background&quot;:&quot;classic&quot;}\">\n\t\t\t\t\t\t\t<div class=\"elementor-background-overlay\"><\/div>\n\t\t\t\t\t\t\t<div class=\"elementor-container elementor-column-gap-default\">\n\t\t\t\t\t<div class=\"elementor-column elementor-col-100 elementor-top-column elementor-element elementor-element-ef295f5\" data-id=\"ef295f5\" data-element_type=\"column\">\n\t\t\t<div class=\"elementor-widget-wrap elementor-element-populated\">\n\t\t\t\t\t\t<div class=\"elementor-element elementor-element-c159f14 elementor-widget elementor-widget-text-editor\" data-id=\"c159f14\" data-element_type=\"widget\" data-widget_type=\"text-editor.default\">\n\t\t\t\t<div class=\"elementor-widget-container\">\n\t\t\t\t\t\t\t\t\t<h5 style=\"text-align: center;\"><strong>Retrouver un \u00e9quilibre int\u00e9rieur durable gr\u00e2ce \u00e0 la sophrologie<\/strong><\/h5><p style=\"text-align: center;\">J\u2019accompagne les personnes submerg\u00e9es par le stress et leurs \u00e9motions \u00e0 retrouver un \u00e9quilibre int\u00e9rieur durable<\/p><p style=\"text-align: center;\">gr\u00e2ce \u00e0 un accompagnement psycho-\u00e9motionnel en sophrologie.<\/p>\t\t\t\t\t\t\t\t<\/div>\n\t\t\t\t<\/div>\n\t\t\t\t\t<\/div>\n\t\t<\/div>\n\t\t\t\t\t<\/div>\n\t\t<\/section>\n\t\t\t\t<section class=\"elementor-section elementor-top-section elementor-element elementor-element-b404712 elementor-section-boxed elementor-section-height-default elementor-section-height-default\" data-id=\"b404712\" data-element_type=\"section\">\n\t\t\t\t\t\t<div class=\"elementor-container elementor-column-gap-default\">\n\t\t\t\t\t<div class=\"elementor-column elementor-col-100 elementor-top-column elementor-element elementor-element-55ebcf6\" data-id=\"55ebcf6\" data-element_type=\"column\">\n\t\t\t<div class=\"elementor-widget-wrap elementor-element-populated\">\n\t\t\t\t\t\t<div class=\"elementor-element elementor-element-c0d0091 elementor-widget elementor-widget-spacer\" data-id=\"c0d0091\" data-element_type=\"widget\" data-widget_type=\"spacer.default\">\n\t\t\t\t<div class=\"elementor-widget-container\">\n\t\t\t\t\t\t\t<div class=\"elementor-spacer\">\n\t\t\t<div class=\"elementor-spacer-inner\"><\/div>\n\t\t<\/div>\n\t\t\t\t\t\t<\/div>\n\t\t\t\t<\/div>\n\t\t\t\t\t<\/div>\n\t\t<\/div>\n\t\t\t\t\t<\/div>\n\t\t<\/section>\n\t\t\t\t<section class=\"elementor-section elementor-top-section elementor-element elementor-element-e81c7d1 elementor-section-boxed elementor-section-height-default elementor-section-height-default\" data-id=\"e81c7d1\" data-element_type=\"section\">\n\t\t\t\t\t\t<div class=\"elementor-container elementor-column-gap-default\">\n\t\t\t\t\t<div class=\"elementor-column elementor-col-100 elementor-top-column elementor-element elementor-element-252786c\" data-id=\"252786c\" data-element_type=\"column\">\n\t\t\t<div class=\"elementor-widget-wrap elementor-element-populated\">\n\t\t\t\t\t\t<section class=\"elementor-section elementor-inner-section elementor-element elementor-element-2b9f332 elementor-section-boxed elementor-section-height-default elementor-section-height-default\" data-id=\"2b9f332\" data-element_type=\"section\">\n\t\t\t\t\t\t<div class=\"elementor-container elementor-column-gap-default\">\n\t\t\t\t\t<div class=\"elementor-column elementor-col-100 elementor-inner-column elementor-element elementor-element-d38847a\" data-id=\"d38847a\" data-element_type=\"column\">\n\t\t\t<div class=\"elementor-widget-wrap elementor-element-populated\">\n\t\t\t\t\t\t<div class=\"elementor-element elementor-element-e73f945 elementor-widget elementor-widget-text-editor\" data-id=\"e73f945\" data-element_type=\"widget\" data-widget_type=\"text-editor.default\">\n\t\t\t\t<div class=\"elementor-widget-container\">\n\t\t\t\t\t\t\t\t\t<p data-start=\"545\" data-end=\"818\">Bienvenue dans mon univers.\u00a0<\/p><p style=\"text-align: center;\" data-start=\"545\" data-end=\"818\">Je suis ravie de vous accueillir ici, au c\u0153ur de <b data-path-to-node=\"4\" data-index-in-node=\"77\">Pause Papillon\u00a0 Sophrologie.<\/b><\/p><p style=\"text-align: left;\" data-start=\"545\" data-end=\"818\">Mon chemin professionnel a toujours \u00e9t\u00e9 guid\u00e9 par une boussole : l\u2019Humain. Secr\u00e9taire m\u00e9dicale de formation, puis entrepreneuse dans le secr\u00e9tariat d\u00e8s 2012. Ces ann\u00e9es ont \u00e9t\u00e9 une v\u00e9ritable \u00e9cole de la vie, me permettant de tisser des liens authentiques et de recevoir, avec respect et discr\u00e9tion, la r\u00e9alit\u00e9 des d\u00e9fis de chacun.<\/p><p data-path-to-node=\"6\">Au fil de ces \u00e9changes, une \u00e9vidence s\u2019est impos\u00e9e : dans nos vies intenses, nous avons tous besoin, \u00e0 un moment donn\u00e9, de <span data-path-to-node=\"6\" data-index-in-node=\"123\">d\u00e9poser le fardeau pour retrouver notre propre \u00e9lan<\/span>. C\u2019est pour r\u00e9pondre \u00e0 cet appel que je me suis form\u00e9e \u00e0 la sophrologie \u00e0 l\u2019Institut de Sophrologie Rh\u00f4ne-Alpes (69).<\/p><h5 data-path-to-node=\"7\"><em><b data-path-to-node=\"7\" data-index-in-node=\"0\">Un ancrage local, au carrefour de vos vies<\/b><\/em><\/h5><p data-path-to-node=\"8\">Install\u00e9e \u00e0 <span data-path-to-node=\"8\" data-index-in-node=\"12\">Albon, en Dr\u00f4me des Collines<\/span>, mon cabinet se situe \u00e0 la crois\u00e9e de chemins inspirants : l\u00e0 o\u00f9 la <span data-path-to-node=\"8\" data-index-in-node=\"109\">Dr\u00f4me<\/span>, l\u2019<span data-path-to-node=\"8\" data-index-in-node=\"118\">Ard\u00e8che<\/span> et l\u2019<span data-path-to-node=\"8\" data-index-in-node=\"131\">Is\u00e8re<\/span> se rencontrent.\u00a0<\/p><p data-path-to-node=\"8\">C\u2019est dans ce cadre privil\u00e9gi\u00e9 que je vous re\u00e7ois (\u00e0 Albon (26) ou \u00e0 Anjou(38)), mais aussi que je vous emm\u00e8ne en <span data-path-to-node=\"8\" data-index-in-node=\"258\">sophro-balades<\/span>.\u00a0<\/p><p data-path-to-node=\"8\">En pleine nature, le l\u00e2cher-prise devient plus naturel : l&rsquo;ancrage se fait par les sens, et chaque respiration en ext\u00e9rieur invite \u00e0 un apaisement profond.<\/p><p data-path-to-node=\"13\">Parce que chaque personne est unique, j&rsquo;aime enrichir mes s\u00e9ances de sophrologie par des approches compl\u00e9mentaires qui parlent au corps et \u00e0 l&rsquo;esprit :<\/p><ul style=\"background: #f9f7f5; font-size: 16px;\" data-path-to-node=\"14\"><li style=\"font-size: 16px;\"><p data-path-to-node=\"14,0,0\">L&rsquo;Aromath\u00e9rapie avec Alt\u00e9arah Bio : Quand cela est n\u00e9cessaire, j&rsquo;utilise ces parfums de soin pour soutenir votre \u00e9quilibre \u00e9motionnel par l&rsquo;olfaction, un sens directement reli\u00e9 \u00e0 nos souvenirs et \u00e0 notre apaisement.<\/p><\/li><li style=\"font-size: 16px;\"><p data-path-to-node=\"14,1,0\">La Sophro-\u00c9nergie : En collaboration avec Leslie, \u00e9nerg\u00e9ticienne, nous avons cr\u00e9\u00e9 des soins combin\u00e9s pour un alignement global du corps, du c\u0153ur et de l&rsquo;esprit.<\/p><\/li><li style=\"font-size: 16px;\"><p data-path-to-node=\"14,2,0\">Collaborations \u00e9ph\u00e9m\u00e8res : Au fil de l&rsquo;ann\u00e9e, je m&rsquo;associe \u00e0 d&rsquo;autres professionnels passionn\u00e9s pour vous proposer des ateliers et des \u00e9v\u00e9nements th\u00e9matiques, toujours sous le signe de la bienveillance et du mieux-\u00eatre.<\/p><\/li><\/ul><p data-path-to-node=\"15\">Enfin, ma boutique prolonge cette exp\u00e9rience : vous y trouverez des outils pour cultiver votre \u00e9quilibre en toute autonomie ou pour offrir ou vous offrir une d\u00e9licate attention.<\/p><p data-path-to-node=\"16\">Mon v\u0153u est de vous aider \u00e0 (re)devenir acteur de votre propre s\u00e9r\u00e9nit\u00e9.\u00a0<\/p><p style=\"text-align: center;\" data-path-to-node=\"16\"><span style=\"font-weight: bold;\" data-path-to-node=\"16\" data-index-in-node=\"86\">Et si vous vous accordiez, enfin, ce temps pour vous ?<\/span><\/p><p style=\"text-align: center;\" data-path-to-node=\"16\">Je vous propose un temps d\u2019\u00e9change offert de 20 minutes par t\u00e9l\u00e9phone.<\/p><hr style=\"background-color: #f9f7f5;\" data-path-to-node=\"17\" \/><h3 style=\"color: #313131; font-family: Roboto, sans-serif;\" data-path-to-node=\"18\"><span style=\"font-weight: bold;\" data-path-to-node=\"18\" data-index-in-node=\"0\">Restons en lien !<\/span><\/h3><p style=\"text-align: center;\" data-path-to-node=\"19\">Pour suivre l&rsquo;actualit\u00e9 de mes collaborations, les dates des prochaines sophro-balades ou mes conseils bien-\u00eatre,<\/p><p style=\"text-align: center;\" data-path-to-node=\"19\">suivez moi :<\/p><p style=\"text-align: center;\"><span style=\"font-weight: bolder;\">Google<\/span>\u00a0:\u00a0<span style=\"color: #800080;\">https:\/\/share.google\/IQvT7DAghCGLxmSBu<\/span><\/p><p style=\"text-align: center;\">ou\u00a0 rejoignez-moi :<\/p><ul style=\"background: #f9f7f5; font-size: 16px;\"><li style=\"font-size: 16px;\"><p style=\"text-align: center;\" data-path-to-node=\"20,0,0\"><span style=\"font-weight: bold;\" data-path-to-node=\"20,0,0\" data-index-in-node=\"0\">Facebook<\/span>\u00a0:<span style=\"color: #800080;\">\u00a0<a style=\"color: #800080;\" href=\"https:\/\/www.facebook.com\/profile.php?id=61577421213607\">Facebook<\/a><\/span><\/p><\/li><li style=\"font-size: 16px;\"><p style=\"text-align: center;\" data-path-to-node=\"20,1,0\"><span style=\"font-weight: bold;\" data-path-to-node=\"20,1,0\" data-index-in-node=\"0\">Instagram<\/span>\u00a0:\u00a0<a href=\"https:\/\/www.instagram.com\/\"><span style=\"color: #800080;\">Instagram<\/span><\/a><\/p><\/li><\/ul>\t\t\t\t\t\t\t\t<\/div>\n\t\t\t\t<\/div>\n\t\t\t\t\t<\/div>\n\t\t<\/div>\n\t\t\t\t\t<\/div>\n\t\t<\/section>\n\t\t\t\t\t<\/div>\n\t\t<\/div>\n\t\t\t\t\t<\/div>\n\t\t<\/section>\n\t\t\t\t<\/div>\n\t\t","protected":false},"excerpt":{"rendered":"<p>Retrouver un \u00e9quilibre int\u00e9rieur durable gr\u00e2ce \u00e0 la sophrologie J\u2019accompagne les personnes submerg\u00e9es par le stress et leurs \u00e9motions \u00e0 retrouver un \u00e9quilibre int\u00e9rieur durable gr\u00e2ce \u00e0 un accompagnement psycho-\u00e9motionnel en sophrologie. Bienvenue dans mon univers.\u00a0 Je suis ravie de vous accueillir ici, au c\u0153ur de Pause Papillon\u00a0 Sophrologie. Mon chemin professionnel a toujours \u00e9t\u00e9 [&hellip;]<\/p>\n","protected":false},"author":1,"featured_media":0,"parent":0,"menu_order":0,"comment_status":"closed","ping_status":"closed","template":"","meta":{"footnotes":""},"class_list":["post-66","page","type-page","status-publish","hentry"],"jetpack_sharing_enabled":true,"_links":{"self":[{"href":"https:\/\/pause-papillon-sophrologie.fr\/index.php\/wp-json\/wp\/v2\/pages\/66","targetHints":{"allow":["GET"]}}],"collection":[{"href":"https:\/\/pause-papillon-sophrologie.fr\/index.php\/wp-json\/wp\/v2\/pages"}],"about":[{"href":"https:\/\/pause-papillon-sophrologie.fr\/index.php\/wp-json\/wp\/v2\/types\/page"}],"author":[{"embeddable":true,"href":"https:\/\/pause-papillon-sophrologie.fr\/index.php\/wp-json\/wp\/v2\/users\/1"}],"replies":[{"embeddable":true,"href":"https:\/\/pause-papillon-sophrologie.fr\/index.php\/wp-json\/wp\/v2\/comments?post=66"}],"version-history":[{"count":101,"href":"https:\/\/pause-papillon-sophrologie.fr\/index.php\/wp-json\/wp\/v2\/pages\/66\/revisions"}],"predecessor-version":[{"id":1194,"href":"https:\/\/pause-papillon-sophrologie.fr\/index.php\/wp-json\/wp\/v2\/pages\/66\/revisions\/1194"}],"wp:attachment":[{"href":"https:\/\/pause-papillon-sophrologie.fr\/index.php\/wp-json\/wp\/v2\/media?parent=66"}],"curies":[{"name":"wp","href":"https:\/\/api.w.org\/{rel}","templated":true}]}}